{"id":1096,"date":"2016-01-06T13:11:34","date_gmt":"2016-01-06T13:11:34","guid":{"rendered":"http:\/\/anpsthemes.com\/construction\/?page_id=1096"},"modified":"2025-10-10T16:52:15","modified_gmt":"2025-10-10T19:52:15","slug":"home","status":"publish","type":"page","link":"https:\/\/solo-company.com\/en\/","title":{"rendered":"Home"},"content":{"rendered":"<div class=\"wpb-content-wrapper\"><p><\/p>\n<p>[vc_row full_width=&#8221;stretch_row_content_no_spaces&#8221; css=&#8221;.vc_custom_1453200552863{margin-top: -60px !important;margin-bottom: 0px !important;padding-bottom: 0px !important;}&#8221;][vc_column]\n<div id=\"rev_slider_1_2_wrapper\" class=\"rev_slider_wrapper fullscreen-container\" data-source=\"gallery\" style=\"background:transparent;padding:0px;\">\n<!-- START REVOLUTION SLIDER 5.4.8 fullscreen mode -->\n\t<div id=\"rev_slider_1_2\" class=\"rev_slider fullscreenbanner\" style=\"display:none;\" data-version=\"5.4.8\">\n<ul>\t<!-- SLIDE  -->\n\t<li data-index=\"rs-1\" data-transition=\"fade\" data-slotamount=\"default\" data-hideafterloop=\"0\" data-hideslideonmobile=\"off\"  data-easein=\"default\" data-easeout=\"default\" data-masterspeed=\"300\"  data-thumb=\"https:\/\/solo-company.com\/wp-content\/uploads\/2019\/05\/ImgR-01-100x50.jpg\"  data-rotate=\"0\"  data-saveperformance=\"off\"  data-title=\"Slide\" data-param1=\"\" data-param2=\"\" data-param3=\"\" data-param4=\"\" data-param5=\"\" data-param6=\"\" data-param7=\"\" data-param8=\"\" data-param9=\"\" data-param10=\"\" data-description=\"\">\n\t\t<!-- MAIN IMAGE -->\n\t\t<img loading=\"lazy\" decoding=\"async\" src=\"https:\/\/solo-company.com\/wp-content\/uploads\/2019\/05\/ImgR-01.jpg\"  alt=\"\" title=\"ImgR-01\"  width=\"1920\" height=\"1080\" data-bgposition=\"center center\" data-bgfit=\"cover\" data-bgrepeat=\"no-repeat\" data-bgparallax=\"off\" class=\"rev-slidebg\" data-no-retina>\n\t\t<!-- LAYERS -->\n\t<\/li>\n<\/ul>\n<script>var htmlDiv = document.getElementById(\"rs-plugin-settings-inline-css\"); var htmlDivCss=\"\";\r\n\t\t\t\t\t\tif(htmlDiv) {\r\n\t\t\t\t\t\t\thtmlDiv.innerHTML = htmlDiv.innerHTML + htmlDivCss;\r\n\t\t\t\t\t\t}else{\r\n\t\t\t\t\t\t\tvar htmlDiv = document.createElement(\"div\");\r\n\t\t\t\t\t\t\thtmlDiv.innerHTML = \"<style>\" + htmlDivCss + \"<\/style>\";\r\n\t\t\t\t\t\t\tdocument.getElementsByTagName(\"head\")[0].appendChild(htmlDiv.childNodes[0]);\r\n\t\t\t\t\t\t}\r\n\t\t\t\t\t<\/script>\n<div class=\"tp-bannertimer tp-bottom\" style=\"visibility: hidden !important;\"><\/div>\t<\/div>\n<script>var htmlDiv = document.getElementById(\"rs-plugin-settings-inline-css\"); var htmlDivCss=\"\";\r\n\t\t\t\tif(htmlDiv) {\r\n\t\t\t\t\thtmlDiv.innerHTML = htmlDiv.innerHTML + htmlDivCss;\r\n\t\t\t\t}else{\r\n\t\t\t\t\tvar htmlDiv = document.createElement(\"div\");\r\n\t\t\t\t\thtmlDiv.innerHTML = \"<style>\" + htmlDivCss + \"<\/style>\";\r\n\t\t\t\t\tdocument.getElementsByTagName(\"head\")[0].appendChild(htmlDiv.childNodes[0]);\r\n\t\t\t\t}\r\n\t\t\t<\/script>\n\t\t<script type=\"text\/javascript\">\r\nif (setREVStartSize!==undefined) setREVStartSize(\r\n\t{c: '#rev_slider_1_2', responsiveLevels: [1240,1024,778,480], gridwidth: [1140,1140,778,480], gridheight: [650,600,700,600], sliderLayout: 'fullscreen', fullScreenAutoWidth:'off', fullScreenAlignForce:'off', fullScreenOffsetContainer:'', fullScreenOffset:''});\r\n\t\t\t\r\nvar revapi1,\r\n\ttpj;\t\r\n(function() {\t\t\t\r\n\tif (!\/loaded|interactive|complete\/.test(document.readyState)) document.addEventListener(\"DOMContentLoaded\",onLoad); else onLoad();\t\r\n\tfunction onLoad() {\t\t\t\t\r\n\t\tif (tpj===undefined) { tpj = jQuery; if(\"off\" == \"on\") tpj.noConflict();}\r\n\tif(tpj(\"#rev_slider_1_2\").revolution == undefined){\n\t\trevslider_showDoubleJqueryError(\"#rev_slider_1_2\");\n\t}else{\n\t\trevapi1 = tpj(\"#rev_slider_1_2\").show().revolution({\n\t\t\tsliderType:\"standard\",\n\t\t\tjsFileLocation:\"\/\/solo-company.com\/wp-content\/plugins\/revslider\/public\/assets\/js\/\",\n\t\t\tsliderLayout:\"fullscreen\",\n\t\t\tdottedOverlay:\"none\",\n\t\t\tdelay:9000,\n\t\t\tnavigation: {\n\t\t\t\tkeyboardNavigation:\"off\",\n\t\t\t\tkeyboard_direction: \"horizontal\",\n\t\t\t\tmouseScrollNavigation:\"off\",\n \t\t\t\t\t\t\tmouseScrollReverse:\"default\",\n\t\t\t\tonHoverStop:\"off\",\n\t\t\t\tarrows: {\n\t\t\t\t\tstyle:\"\",\n\t\t\t\t\tenable:true,\n\t\t\t\t\thide_onmobile:false,\n\t\t\t\t\thide_onleave:true,\n\t\t\t\t\thide_delay:200,\n\t\t\t\t\thide_delay_mobile:1200,\n\t\t\t\t\ttmp:'',\n\t\t\t\t\tleft: {\n\t\t\t\t\t\th_align:\"left\",\n\t\t\t\t\t\tv_align:\"center\",\n\t\t\t\t\t\th_offset:0,\n\t\t\t\t\t\tv_offset:0\n\t\t\t\t\t},\n\t\t\t\t\tright: {\n\t\t\t\t\t\th_align:\"right\",\n\t\t\t\t\t\tv_align:\"center\",\n\t\t\t\t\t\th_offset:0,\n\t\t\t\t\t\tv_offset:0\n\t\t\t\t\t}\n\t\t\t\t}\n\t\t\t},\n\t\t\tresponsiveLevels:[1240,1024,778,480],\n\t\t\tvisibilityLevels:[1240,1024,778,480],\n\t\t\tgridwidth:[1140,1140,778,480],\n\t\t\tgridheight:[650,600,700,600],\n\t\t\tlazyType:\"none\",\n\t\t\tparallax: {\n\t\t\t\ttype:\"scroll\",\n\t\t\t\torigo:\"enterpoint\",\n\t\t\t\tspeed:400,\n\t\t\t\tspeedbg:0,\n\t\t\t\tspeedls:0,\n\t\t\t\tlevels:[5,10,15,20,25,30,35,40,45,46,47,48,49,50,51,55],\n\t\t\t\tdisable_onmobile:\"on\"\n\t\t\t},\n\t\t\tshadow:0,\n\t\t\tspinner:\"spinner0\",\n\t\t\tstopLoop:\"off\",\n\t\t\tstopAfterLoops:-1,\n\t\t\tstopAtSlide:-1,\n\t\t\tshuffle:\"off\",\n\t\t\tautoHeight:\"off\",\n\t\t\tfullScreenAutoWidth:\"off\",\n\t\t\tfullScreenAlignForce:\"off\",\n\t\t\tfullScreenOffsetContainer: \"\",\n\t\t\tfullScreenOffset: \"\",\n\t\t\tdisableProgressBar:\"on\",\n\t\t\thideThumbsOnMobile:\"off\",\n\t\t\thideSliderAtLimit:0,\n\t\t\thideCaptionAtLimit:0,\n\t\t\thideAllCaptionAtLilmit:0,\n\t\t\tdebugMode:false,\n\t\t\tfallbacks: {\n\t\t\t\tsimplifyAll:\"off\",\n\t\t\t\tnextSlideOnWindowFocus:\"off\",\n\t\t\t\tdisableFocusListener:false,\n\t\t\t}\n\t\t});\n\t}; \/* END OF revapi call *\/\n\t\n }; \/* END OF ON LOAD FUNCTION *\/\r\n}()); \/* END OF WRAPPING FUNCTION *\/\r\n<\/script>\r\n\t\t<\/div><!-- END REVOLUTION SLIDER -->[\/vc_column][\/vc_row][vc_row full_width=&#8221;stretch_row&#8221; css=&#8221;.vc_custom_1465905201636{margin-top: -35px !important;margin-bottom: 0px !important;padding-top: 35px !important;padding-bottom: 35px !important;}&#8221; el_class=&#8221;background-image-left&#8221;][vc_column]<h2 class='heading-left  divider-sm' ><span>A Empresa<\/span><\/h2>[vc_row_inner css=&#8221;.vc_custom_1453127283098{background-position: center !important;background-repeat: no-repeat !important;background-size: cover !important;}&#8221;][vc_column_inner width=&#8221;1\/2&#8243;][vc_column_text css=&#8221;&#8221;]<\/p>\n<p align=\"justify\"><span style=\"font-family: Roboto, serif;\">Fundada em 2015, a Solo apresenta solu\u00e7\u00f5es inovadoras de engenharia. Capaz de fornecer servi\u00e7os para o transporte e movimenta\u00e7\u00e3o de cargas projeto de todo o tipo, a empresa n\u00e3o se limita a isto. <\/span><\/p>\n<p align=\"justify\"><span style=\"font-family: Roboto, serif;\">No setor de energia e\u00f3lica, atende clientes que operam no Brasil e no exterior, contando com um time multidisciplinar que encara cada desafio trazendo o que h\u00e1 de melhor em cada \u00e1rea de conhecimento.<\/span><\/p>\n<p align=\"justify\"><span style=\"font-family: Roboto, serif;\">O portf\u00f3lio da companhia conta com os segmentos de log\u00edstica, engenharia, projetos, tecnologia e servi\u00e7os.<\/span><\/p>\n<p>[\/vc_column_text][\/vc_column_inner][vc_column_inner width=&#8221;1\/2&#8243;][vc_single_image image=&#8221;2145&#8243; img_size=&#8221;full&#8221; alignment=&#8221;center&#8221; css_animation=&#8221;fadeInLeft&#8221;][\/vc_column_inner][\/vc_row_inner][\/vc_column][\/vc_row][vc_row full_width=&#8221;stretch_row&#8221; css=&#8221;.vc_custom_1456322357251{margin-top: 0px !important;margin-bottom: 0px !important;padding-top: 40px !important;padding-bottom: 70px !important;background-color: #f8f9f9 !important;}&#8221;]<h2 class='heading-left  divider-sm' ><span>Servi\u00e7os<\/span><\/h2>[vc_column width=&#8221;1\/3&#8243;]<div class='featured featured-has-link featured-has-icon featured-has-content simple-style'><div class='featured-header'><a target='_self' href='logistica-2\/'><img alt='Log\u00edstica' src='https:\/\/solo-company.com\/wp-content\/uploads\/2019\/05\/Logistica-722x368.jpg'\/><\/a><\/div><div class='featured-content'><h3 class='featured-title text-uppercase'><a target='_self' href='logistica-2\/'><i class='fa fa-map'><\/i>Log\u00edstica<\/a><\/h3><p class='featured-desc'><span style=\"font-family: Roboto;\">Planejamento log\u00edstico e servi\u00e7os para o transporte de cargas projeto excedentes nas dimens\u00f5es e peso.<\/span><\/p><a class='btn btn-md btn-minimal' target='_self' href='logistica-2\/'>Leia mais<\/a><\/div><\/div>[vc_empty_space height=&#8221;40px&#8221;]<div class='featured featured-has-link featured-has-icon featured-has-content simple-style'><div class='featured-header'><a target='_self' href='tecnologia-2\/'><img alt='Tecnologia' src='https:\/\/solo-company.com\/wp-content\/uploads\/2019\/05\/Tecnologia-722x368.jpg'\/><\/a><\/div><div class='featured-content'><h3 class='featured-title text-uppercase'><a target='_self' href='tecnologia-2\/'><i class='fa fa-database'><\/i>Tecnologia<\/a><\/h3><p class='featured-desc'><span style=\"font-family: Roboto;\">Tecnologia e conhecimento aplicados as nossas atividades.<\/span><\/p><a class='btn btn-md btn-minimal' target='_self' href='tecnologia-2\/'>Leia mais<\/a><\/div><\/div>[\/vc_column][vc_column width=&#8221;1\/3&#8243;]<div class='featured featured-has-link featured-has-icon featured-has-content simple-style'><div class='featured-header'><a target='_self' href='engenharia-2\/'><img alt='Engenharia' src='https:\/\/solo-company.com\/wp-content\/uploads\/2019\/05\/Engenharia-722x368.jpg'\/><\/a><\/div><div class='featured-content'><h3 class='featured-title text-uppercase'><a target='_self' href='engenharia-2\/'><i class='fa fa-fire'><\/i>Engenharia<\/a><\/h3><p class='featured-desc'><span style=\"font-family: Roboto;\">Engenharia aplicada ao transporte, armazenamento e movimenta\u00e7\u00e3o de cargas excepcionais.<\/span><\/p><a class='btn btn-md btn-minimal' target='_self' href='engenharia-2\/'>Leia mais<\/a><\/div><\/div>[vc_empty_space height=&#8221;40px&#8221;]<div class='featured featured-has-link featured-has-icon featured-has-content simple-style'><div class='featured-header'><a target='_self' href='servicos-2\/'><img alt='Servi\u00e7os' src='https:\/\/solo-company.com\/wp-content\/uploads\/2019\/05\/Servi\u00e7os-722x368.jpg'\/><\/a><\/div><div class='featured-content'><h3 class='featured-title text-uppercase'><a target='_self' href='servicos-2\/'><i class='fa fa-cog'><\/i>Servi\u00e7os<\/a><\/h3><p class='featured-desc'><span style=\"font-family: Roboto;\">Servi\u00e7os especializados para apoio a log\u00edstica, inspe\u00e7\u00f5es, manuten\u00e7\u00f5es e reparos em componentes de aerogeradores.<\/span><\/p><a class='btn btn-md btn-minimal' target='_self' href='servicos-2\/'>Leia mais<\/a><\/div><\/div>[\/vc_column][vc_column width=&#8221;1\/3&#8243;]<div class='featured featured-has-link featured-has-icon featured-has-content simple-style'><div class='featured-header'><a target='_self' href='projetos-2\/'><img alt='Projetos' src='https:\/\/solo-company.com\/wp-content\/uploads\/2019\/05\/Projetos-722x368.jpg'\/><\/a><\/div><div class='featured-content'><h3 class='featured-title text-uppercase'><a target='_self' href='projetos-2\/'><i class='fa fa-cubes'><\/i>Projetos<\/a><\/h3><p class='featured-desc'><span style=\"font-family: Roboto;\">Projetos mec\u00e2nicos com foco na efici\u00eancia de processo e baixo custo de manuten\u00e7\u00e3o.<\/span><\/p><a class='btn btn-md btn-minimal' target='_self' href='projetos-2\/'>Leia mais<\/a><\/div><\/div>[vc_empty_space height=&#8221;40px&#8221;]<div class='featured featured-has-link featured-has-icon featured-has-content simple-style'><div class='featured-header'><a target='_self' href='reciclagem-2\/'><img alt='Reciclagem' src='https:\/\/solo-company.com\/wp-content\/uploads\/2019\/05\/Reciclagem-722x368.jpg'\/><\/a><\/div><div class='featured-content'><h3 class='featured-title text-uppercase'><a target='_self' href='reciclagem-2\/'><i class='fa fa-recycle'><\/i>Reciclagem<\/a><\/h3><p class='featured-desc'><\/p>\n<p align=\"justify\"><span style=\"font-family: Roboto;\">Possu\u00edmos uma \u00c1rea de 30000 m2 ambientalmente licenciada para o recebimento de materiais de scrap e reciclagem de p\u00e1s e outros componentes e\u00f3licos.<\/span><\/p>\n<p><\/p><a class='btn btn-md btn-minimal' target='_self' href='reciclagem-2\/'>Leia mais<\/a><\/div><\/div>[\/vc_column][\/vc_row][vc_row full_width=&#8221;stretch_row&#8221; css=&#8221;.vc_custom_1465905201636{margin-top: -35px !important;margin-bottom: 0px !important;padding-top: 35px !important;padding-bottom: 35px !important;}&#8221; el_class=&#8221;background-image-left&#8221;][vc_column]<h2 class='heading-left  divider-sm' ><span>Social<\/span><\/h2>[vc_row_inner css=&#8221;.vc_custom_1453127283098{background-position: center !important;background-repeat: no-repeat !important;background-size: cover !important;}&#8221;][vc_column_inner el_class=&#8221;hidden-sm hidden-xs&#8221; width=&#8221;1\/2&#8243;][vc_single_image image=&#8221;2570&#8243; img_size=&#8221;medium&#8221; alignment=&#8221;center&#8221;][\/vc_column_inner][vc_column_inner width=&#8221;1\/2&#8243;][vc_column_text css_animation=&#8221;fadeInDown&#8221;]<\/p>\n<p style=\"text-align: left;\"><span style=\"font-family: Roboto;\">A Solo apoia a iniciativa do Projeto Recanto Solid\u00e1rio. Para saber mais, clique no bot\u00e3o abaixo.<\/span><\/p>\n<p>[\/vc_column_text]<a id='button-id-1' target='_self' href='http:\/\/solo-company.com\/wp-content\/uploads\/2019\/05\/folder_recanto_10x17_ok_web.pdf' class='btn btn-normal btn-md' style=''><i class='fa fa fa-file-pdf-o'><\/i> Saiba mais<\/a>[\/vc_column_inner][\/vc_row_inner][\/vc_column][\/vc_row][vc_row full_width=&#8221;stretch_row&#8221; css=&#8221;.vc_custom_1460102253713{padding-top: 10px !important;background-color: #f8f9f9 !important;}&#8221;][vc_column][\/vc_column][\/vc_row][vc_row css=&#8221;.vc_custom_1465982162403{border-bottom-width: 50px !important;}&#8221;][vc_column]<h2 class='heading-left  divider-sm' ><span>Clientes<\/span><\/h2>[\/vc_column][\/vc_row][vc_row][vc_column][vc_column_text]\n\t\t<style>\n\t\t\t#wpls-logo-showcase-slider-2 .wpls-fix-box,\n\t\t\t#wpls-logo-showcase-slider-2 .wpls-fix-box img.wp-post-image{max-height:250px; }\n\t\t<\/style>\n\n\t\t<div class=\"wpls-wrap wpls-logo-showcase-slider-wrp wpls-logo-clearfix wpls-design-1 \" data-conf=\"{&quot;slides_column&quot;:&quot;3&quot;,&quot;slides_scroll&quot;:1,&quot;dots&quot;:&quot;true&quot;,&quot;arrows&quot;:&quot;true&quot;,&quot;autoplay&quot;:&quot;true&quot;,&quot;autoplay_interval&quot;:3000,&quot;loop&quot;:&quot;true&quot;,&quot;rtl&quot;:&quot;false&quot;,&quot;speed&quot;:800,&quot;center_mode&quot;:&quot;true&quot;,&quot;lazyload&quot;:&quot;&quot;}\">\n\t\t\t<div class=\"wpls-logo-showcase logo_showcase wpls-logo-slider wpls-center sliderimage_hide_border \" id=\"wpls-logo-showcase-slider-2\" >\n\t\t\t\t<div class=\"wpls-logo-cnt\">\n\t<div class=\"wpls-fix-box\">\n\t\t\t\t<img decoding=\"async\" class=\"wp-post-image\"  src=\"https:\/\/solo-company.com\/wp-content\/uploads\/2019\/05\/CruzDeMalta.png\" alt=\"\" \/>\n\t\t\t<\/div>\n\t<\/div><div class=\"wpls-logo-cnt\">\n\t<div class=\"wpls-fix-box\">\n\t\t\t\t<img decoding=\"async\" class=\"wp-post-image\"  src=\"https:\/\/solo-company.com\/wp-content\/uploads\/2019\/05\/FoxBrasil.png\" alt=\"\" \/>\n\t\t\t<\/div>\n\t<\/div><div class=\"wpls-logo-cnt\">\n\t<div class=\"wpls-fix-box\">\n\t\t\t\t<img decoding=\"async\" class=\"wp-post-image\"  src=\"https:\/\/solo-company.com\/wp-content\/uploads\/2019\/05\/GE.png\" alt=\"\" \/>\n\t\t\t<\/div>\n\t<\/div><div class=\"wpls-logo-cnt\">\n\t<div class=\"wpls-fix-box\">\n\t\t\t\t<img decoding=\"async\" class=\"wp-post-image\"  src=\"https:\/\/solo-company.com\/wp-content\/uploads\/2019\/05\/localfrio.png\" alt=\"\" \/>\n\t\t\t<\/div>\n\t<\/div><div class=\"wpls-logo-cnt\">\n\t<div class=\"wpls-fix-box\">\n\t\t\t\t<img decoding=\"async\" class=\"wp-post-image\"  src=\"https:\/\/solo-company.com\/wp-content\/uploads\/2019\/05\/Tecsis.png\" alt=\"\" \/>\n\t\t\t<\/div>\n\t<\/div><div class=\"wpls-logo-cnt\">\n\t<div class=\"wpls-fix-box\">\n\t\t\t\t<img decoding=\"async\" class=\"wp-post-image\"  src=\"https:\/\/solo-company.com\/wp-content\/uploads\/2019\/05\/transmaquinas.png\" alt=\"\" \/>\n\t\t\t<\/div>\n\t<\/div><div class=\"wpls-logo-cnt\">\n\t<div class=\"wpls-fix-box\">\n\t\t\t\t<img decoding=\"async\" class=\"wp-post-image\"  src=\"https:\/\/solo-company.com\/wp-content\/uploads\/2019\/05\/TransPes.png\" alt=\"\" \/>\n\t\t\t<\/div>\n\t<\/div><div class=\"wpls-logo-cnt\">\n\t<div class=\"wpls-fix-box\">\n\t\t\t\t<img decoding=\"async\" class=\"wp-post-image\"  src=\"https:\/\/solo-company.com\/wp-content\/uploads\/2019\/05\/arcanjos-transportes.png\" alt=\"\" \/>\n\t\t\t<\/div>\n\t<\/div><div class=\"wpls-logo-cnt\">\n\t<div class=\"wpls-fix-box\">\n\t\t\t\t<img decoding=\"async\" class=\"wp-post-image\"  src=\"https:\/\/solo-company.com\/wp-content\/uploads\/2019\/05\/veg.png\" alt=\"\" \/>\n\t\t\t<\/div>\n\t<\/div><div class=\"wpls-logo-cnt\">\n\t<div class=\"wpls-fix-box\">\n\t\t\t\t<img decoding=\"async\" class=\"wp-post-image\"  src=\"https:\/\/solo-company.com\/wp-content\/uploads\/2019\/05\/Vestas.png\" alt=\"\" \/>\n\t\t\t<\/div>\n\t<\/div><div class=\"wpls-logo-cnt\">\n\t<div class=\"wpls-fix-box\">\n\t\t\t\t<img decoding=\"async\" class=\"wp-post-image\"  src=\"https:\/\/solo-company.com\/wp-content\/uploads\/2019\/09\/bertling.png\" alt=\"\" \/>\n\t\t\t<\/div>\n\t<\/div><div class=\"wpls-logo-cnt\">\n\t<div class=\"wpls-fix-box\">\n\t\t\t\t<img decoding=\"async\" class=\"wp-post-image\"  src=\"https:\/\/solo-company.com\/wp-content\/uploads\/2019\/09\/lm.png\" alt=\"\" \/>\n\t\t\t<\/div>\n\t<\/div>\t\t\t<\/div>\n\t\t<\/div>\n\n\t\t[\/vc_column_text][\/vc_column][\/vc_row][vc_row css=&#8221;.vc_custom_1453299465030{margin-bottom: 40px !important;padding-top: 30px !important;}&#8221;][vc_column]<div class='recent-news' data-owlcolumns='3'><div class=\"row\"><div class=\"col-md-12\"><h2 class='title'>Not\u00edcias<\/h2><\/div><\/div><div class='owl-carousel'><article class='post'><header><img loading=\"lazy\" decoding=\"async\" width=\"359\" height=\"283\" src=\"https:\/\/solo-company.com\/wp-content\/uploads\/2019\/05\/solo-359x283.png\" class=\"attachment-anps-portfolio size-anps-portfolio wp-post-image\" alt=\"\" \/><\/header><a href='https:\/\/solo-company.com\/en\/solo-obtem-licenca-ambiental-para-unidade-de-reciclagem\/'><h3 class='post-title'>Solo obtains environmental license for its recycling unit<\/h3><\/a><ul class=\"post-meta\"><li><i class='fa fa-calendar'><\/i><time datetime='2019-05-14 07:12'>Tuesday May 14th, 2019<\/time><\/li><li><i class='fa fa-commenting-o'><\/i>0 comments<\/li><\/ul><div class=\"post-content\"><div><p>Solo obtained the environmental license to start the activities in its recycling unit. This unit has an area of 30000 m2, near the<\/p>\n<\/div><a href='https:\/\/solo-company.com\/en\/solo-obtem-licenca-ambiental-para-unidade-de-reciclagem\/' class='btn btn-md btn-gradient btn-shadow'>Read More<\/a><\/div><\/article><article class='post'><header><img loading=\"lazy\" decoding=\"async\" width=\"300\" height=\"220\" src=\"https:\/\/solo-company.com\/wp-content\/uploads\/2019\/05\/porto.jpg\" class=\"attachment-anps-portfolio size-anps-portfolio wp-post-image\" alt=\"\" \/><\/header><a href='https:\/\/solo-company.com\/en\/porto-de-santos-fecha-2018-com-recorde-de-movimentacao-de-carga\/'><h3 class='post-title'>Port of Santos closes 2018 with record of cargo handling<\/h3><\/a><ul class=\"post-meta\"><li><i class='fa fa-calendar'><\/i><time datetime='2019-05-14 07:12'>Tuesday May 14th, 2019<\/time><\/li><li><i class='fa fa-commenting-o'><\/i>0 comments<\/li><\/ul><div class=\"post-content\"><div><p>Resume: The Port of Santos closed the year of 2018 with a record in cargo handling, reaching 131.5 million tons, an increase of 1.<\/p>\n<\/div><a href='https:\/\/solo-company.com\/en\/porto-de-santos-fecha-2018-com-recorde-de-movimentacao-de-carga\/' class='btn btn-md btn-gradient btn-shadow'>Read More<\/a><\/div><\/article><article class='post'><header><img loading=\"lazy\" decoding=\"async\" width=\"359\" height=\"283\" src=\"https:\/\/solo-company.com\/wp-content\/uploads\/2019\/05\/new-359x283.jpg\" class=\"attachment-anps-portfolio size-anps-portfolio wp-post-image\" alt=\"\" \/><\/header><a href='https:\/\/solo-company.com\/en\/vestas-atinge-o-marco-de-100-gw-em-turbinas-eolicas-instaladas-no-mundo\/'><h3 class='post-title'>Vestas reaches 100-gigawatt wind turbine installation landmark<\/h3><\/a><ul class=\"post-meta\"><li><i class='fa fa-calendar'><\/i><time datetime='2019-05-14 07:48'>Tuesday May 14th, 2019<\/time><\/li><li><i class='fa fa-commenting-o'><\/i>0 comments<\/li><\/ul><div class=\"post-content\"><div><p>Resume: Danish wind energy business Vestas says it has become the first company to install 100 gigawatts (GW) of wind turbines. So<\/p>\n<\/div><a href='https:\/\/solo-company.com\/en\/vestas-atinge-o-marco-de-100-gw-em-turbinas-eolicas-instaladas-no-mundo\/' class='btn btn-md btn-gradient btn-shadow'>Read More<\/a><\/div><\/article><article class='post'><header><img loading=\"lazy\" decoding=\"async\" width=\"359\" height=\"283\" src=\"https:\/\/solo-company.com\/wp-content\/uploads\/2019\/05\/piaui-359x283.jpg\" class=\"attachment-anps-portfolio size-anps-portfolio wp-post-image\" alt=\"\" \/><\/header><a href='https:\/\/solo-company.com\/en\/piaui-e-a-nova-fronteira-para-o-mercado-de-energia-eolica-no-brasil\/'><h3 class='post-title'>Piau\u00ed is the new frontier for wind power market in Brazil<\/h3><\/a><ul class=\"post-meta\"><li><i class='fa fa-calendar'><\/i><time datetime='2019-05-14 07:17'>Tuesday May 14th, 2019<\/time><\/li><li><i class='fa fa-commenting-o'><\/i>0 comments<\/li><\/ul><div class=\"post-content\"><div><p>Resume: After analyzing the investments made by the German company Enercon GmbHi, a traditional wind turbine manufacturer, which b<\/p>\n<\/div><a href='https:\/\/solo-company.com\/en\/piaui-e-a-nova-fronteira-para-o-mercado-de-energia-eolica-no-brasil\/' class='btn btn-md btn-gradient btn-shadow'>Read More<\/a><\/div><\/article><article class='post'><header><img loading=\"lazy\" decoding=\"async\" width=\"359\" height=\"283\" src=\"https:\/\/solo-company.com\/wp-content\/uploads\/2019\/05\/senado-359x283.jpg\" class=\"attachment-anps-portfolio size-anps-portfolio wp-post-image\" alt=\"\" \/><\/header><a href='https:\/\/solo-company.com\/en\/senado-aprova-criacao-de-usinas-eolicas-e-solares-no-mar\/'><h3 class='post-title'>Brazilian senate approves creation of wind and solar power plants at sea<\/h3><\/a><ul class=\"post-meta\"><li><i class='fa fa-calendar'><\/i><time datetime='2019-05-14 07:14'>Tuesday May 14th, 2019<\/time><\/li><li><i class='fa fa-commenting-o'><\/i>0 comments<\/li><\/ul><div class=\"post-content\"><div><p>Resume: The Plenary approved this Tuesday (18) Senate Bill (PLS 484\/2017) authorizing the implementation of sea power plants for t<\/p>\n<\/div><a href='https:\/\/solo-company.com\/en\/senado-aprova-criacao-de-usinas-eolicas-e-solares-no-mar\/' class='btn btn-md btn-gradient btn-shadow'>Read More<\/a><\/div><\/article><\/div><div class='owl-nav text-right'><button class='owlprev'><i class='fa fa-angle-left'><\/i><\/button><button class='owlnext'><i class='fa fa-angle-right'><\/i><\/button><\/div><\/div>[\/vc_column][\/vc_row]<\/p>\n<p><\/p>\n<\/div>","protected":false},"excerpt":{"rendered":"<p>[vc_row full_width=&#8221;stretch_row_content_no_spaces&#8221; css=&#8221;.vc_custom_1453200552863{margin-top: -60px !important;margin-bottom: 0px !important;padding-bottom: 0px !important;}&#8221;][vc_column][\/vc_column][\/vc_row][vc_row full_width=&#8221;stretch_row&#8221; css=&#8221;.vc_custom_1465905201636{margin-top: -35px !important;margin-bottom: 0px !important;padding-top: 35px !important;padding-bottom: 35px !important;}&#8221; el_class=&#8221;background-image-left&#8221;][vc_column][vc_row_inner css=&#8221;.vc_custom_1453127283098{background-position: center !important;background-repeat: no-repeat !important;background-size: cover !important;}&#8221;][vc_column_inner width=&#8221;1\/2&#8243;][vc_column_text css=&#8221;&#8221;] Fundada em 2015, a Solo apresenta solu\u00e7\u00f5es inovadoras de engenharia. Capaz &hellip;<\/p>\n","protected":false},"author":1,"featured_media":0,"parent":0,"menu_order":0,"comment_status":"closed","ping_status":"closed","template":"","meta":{"footnotes":""},"class_list":["post-1096","page","type-page","status-publish","hentry"],"_links":{"self":[{"href":"https:\/\/solo-company.com\/en\/wp-json\/wp\/v2\/pages\/1096","targetHints":{"allow":["GET"]}}],"collection":[{"href":"https:\/\/solo-company.com\/en\/wp-json\/wp\/v2\/pages"}],"about":[{"href":"https:\/\/solo-company.com\/en\/wp-json\/wp\/v2\/types\/page"}],"author":[{"embeddable":true,"href":"https:\/\/solo-company.com\/en\/wp-json\/wp\/v2\/users\/1"}],"replies":[{"embeddable":true,"href":"https:\/\/solo-company.com\/en\/wp-json\/wp\/v2\/comments?post=1096"}],"version-history":[{"count":81,"href":"https:\/\/solo-company.com\/en\/wp-json\/wp\/v2\/pages\/1096\/revisions"}],"predecessor-version":[{"id":2637,"href":"https:\/\/solo-company.com\/en\/wp-json\/wp\/v2\/pages\/1096\/revisions\/2637"}],"wp:attachment":[{"href":"https:\/\/solo-company.com\/en\/wp-json\/wp\/v2\/media?parent=1096"}],"curies":[{"name":"wp","href":"https:\/\/api.w.org\/{rel}","templated":true}]}}